{"id":14,"date":"2019-04-21T17:14:58","date_gmt":"2019-04-21T15:14:58","guid":{"rendered":"http:\/\/nouveausite.gite-villadou.com\/?page_id=14"},"modified":"2024-08-20T10:55:08","modified_gmt":"2024-08-20T08:55:08","slug":"pibeste","status":"publish","type":"page","link":"https:\/\/nouveausite.gite-villadou.com\/index.php\/pibeste\/","title":{"rendered":"Villadou 5, le g\u00eete 5 places"},"content":{"rendered":"\t\t<div data-elementor-type=\"wp-post\" data-elementor-id=\"14\" class=\"elementor elementor-14\">\n\t\t\t\t\t\t<section class=\"elementor-section elementor-top-section elementor-element elementor-element-aba91ea elementor-section-boxed elementor-section-height-default elementor-section-height-default\" data-id=\"aba91ea\" data-element_type=\"section\">\n\t\t\t\t\t\t<div class=\"elementor-container elementor-column-gap-default\">\n\t\t\t\t\t<div class=\"elementor-column elementor-col-66 elementor-top-column elementor-element elementor-element-16f3ba3\" data-id=\"16f3ba3\" data-element_type=\"column\">\n\t\t\t<div class=\"elementor-widget-wrap elementor-element-populated\">\n\t\t\t\t\t\t<div class=\"elementor-element elementor-element-f2c67b6 elementor-widget elementor-widget-text-editor\" data-id=\"f2c67b6\" data-element_type=\"widget\" data-widget_type=\"text-editor.default\">\n\t\t\t\t<div class=\"elementor-widget-container\">\n\t\t\t\t\t\t\t<h1 style=\"text-align: center;\"><span style=\"color: #000080;\"><strong>VILLADOU 5<\/strong><\/span><\/h1><h2 style=\"text-align: center;\"><span style=\"color: #000080;\">g\u00eete 2 chambres, 5 places, 80m\u00b2, 2 \u00e9pis<\/span><\/h2>\t\t\t\t\t\t<\/div>\n\t\t\t\t<\/div>\n\t\t\t\t\t<\/div>\n\t\t<\/div>\n\t\t\t\t<div class=\"elementor-column elementor-col-33 elementor-top-column elementor-element elementor-element-ecf091e\" data-id=\"ecf091e\" data-element_type=\"column\">\n\t\t\t<div class=\"elementor-widget-wrap elementor-element-populated\">\n\t\t\t\t\t\t<div class=\"elementor-element elementor-element-e28f413 elementor-widget elementor-widget-image\" data-id=\"e28f413\" data-element_type=\"widget\" data-widget_type=\"image.default\">\n\t\t\t\t<div class=\"elementor-widget-container\">\n\t\t\t\t\t\t\t\t\t\t\t\t\t<img fetchpriority=\"high\" decoding=\"async\" width=\"319\" height=\"241\" src=\"https:\/\/nouveausite.gite-villadou.com\/wp-content\/uploads\/2023\/01\/LogoGite.png\" class=\"attachment-large size-large wp-image-932\" alt=\"\" srcset=\"https:\/\/nouveausite.gite-villadou.com\/wp-content\/uploads\/2023\/01\/LogoGite.png 319w, https:\/\/nouveausite.gite-villadou.com\/wp-content\/uploads\/2023\/01\/LogoGite-300x227.png 300w\" sizes=\"(max-width: 319px) 100vw, 319px\" \/>\t\t\t\t\t\t\t\t\t\t\t\t\t<\/div>\n\t\t\t\t<\/div>\n\t\t\t\t\t<\/div>\n\t\t<\/div>\n\t\t\t\t\t<\/div>\n\t\t<\/section>\n\t\t\t\t<section class=\"elementor-section elementor-top-section elementor-element elementor-element-fdc8820 elementor-section-boxed elementor-section-height-default elementor-section-height-default\" data-id=\"fdc8820\" data-element_type=\"section\">\n\t\t\t\t\t\t<div class=\"elementor-container elementor-column-gap-default\">\n\t\t\t\t\t<div class=\"elementor-column elementor-col-100 elementor-top-column elementor-element elementor-element-8dad4e5\" data-id=\"8dad4e5\" data-element_type=\"column\">\n\t\t\t<div class=\"elementor-widget-wrap elementor-element-populated\">\n\t\t\t\t\t\t<div class=\"elementor-element elementor-element-dc30501 elementor-pagination-position-outside elementor-widget elementor-widget-image-carousel\" data-id=\"dc30501\" data-element_type=\"widget\" data-settings=\"{&quot;navigation&quot;:&quot;dots&quot;,&quot;speed&quot;:400,&quot;image_spacing_custom&quot;:{&quot;unit&quot;:&quot;px&quot;,&quot;size&quot;:15,&quot;sizes&quot;:[]},&quot;autoplay&quot;:&quot;yes&quot;,&quot;pause_on_hover&quot;:&quot;yes&quot;,&quot;pause_on_interaction&quot;:&quot;yes&quot;,&quot;autoplay_speed&quot;:5000,&quot;infinite&quot;:&quot;yes&quot;,&quot;image_spacing_custom_tablet&quot;:{&quot;unit&quot;:&quot;px&quot;,&quot;size&quot;:&quot;&quot;,&quot;sizes&quot;:[]},&quot;image_spacing_custom_mobile&quot;:{&quot;unit&quot;:&quot;px&quot;,&quot;size&quot;:&quot;&quot;,&quot;sizes&quot;:[]}}\" data-widget_type=\"image-carousel.default\">\n\t\t\t\t<div class=\"elementor-widget-container\">\n\t\t\t\t\t<div class=\"elementor-image-carousel-wrapper swiper\" dir=\"ltr\">\n\t\t\t<div class=\"elementor-image-carousel swiper-wrapper\" aria-live=\"off\">\n\t\t\t\t\t\t\t\t<div class=\"swiper-slide\" role=\"group\" aria-roledescription=\"slide\" aria-label=\"1 sur 9\"><figure class=\"swiper-slide-inner\"><img decoding=\"async\" class=\"swiper-slide-image\" src=\"https:\/\/nouveausite.gite-villadou.com\/wp-content\/uploads\/2019\/05\/Entr\u00e9e-Pibeste-300x225.jpg\" alt=\"Entr\u00e9e Pibeste\" \/><\/figure><\/div><div class=\"swiper-slide\" role=\"group\" aria-roledescription=\"slide\" aria-label=\"2 sur 9\"><figure class=\"swiper-slide-inner\"><img decoding=\"async\" class=\"swiper-slide-image\" src=\"https:\/\/nouveausite.gite-villadou.com\/wp-content\/uploads\/2019\/04\/Salle-300x169.jpg\" alt=\"Salle\" \/><\/figure><\/div><div class=\"swiper-slide\" role=\"group\" aria-roledescription=\"slide\" aria-label=\"3 sur 9\"><figure class=\"swiper-slide-inner\"><img decoding=\"async\" class=\"swiper-slide-image\" src=\"https:\/\/nouveausite.gite-villadou.com\/wp-content\/uploads\/2019\/04\/Chambre-2-lits-Pibeste-300x169.jpg\" alt=\"Chambre 2 lits Pibeste\" \/><\/figure><\/div><div class=\"swiper-slide\" role=\"group\" aria-roledescription=\"slide\" aria-label=\"4 sur 9\"><figure class=\"swiper-slide-inner\"><img decoding=\"async\" class=\"swiper-slide-image\" src=\"https:\/\/nouveausite.gite-villadou.com\/wp-content\/uploads\/2019\/04\/Terrasse-Pibeste-1-300x225.jpg\" alt=\"Terrasse Pibeste\" \/><\/figure><\/div><div class=\"swiper-slide\" role=\"group\" aria-roledescription=\"slide\" aria-label=\"5 sur 9\"><figure class=\"swiper-slide-inner\"><img decoding=\"async\" class=\"swiper-slide-image\" src=\"https:\/\/nouveausite.gite-villadou.com\/wp-content\/uploads\/2019\/04\/Ch-3-lits-x1-300x169.jpg\" alt=\"Ch 3 lits (x1)\" \/><\/figure><\/div><div class=\"swiper-slide\" role=\"group\" aria-roledescription=\"slide\" aria-label=\"6 sur 9\"><figure class=\"swiper-slide-inner\"><img decoding=\"async\" class=\"swiper-slide-image\" src=\"https:\/\/nouveausite.gite-villadou.com\/wp-content\/uploads\/2019\/04\/Ch-3-lits-x2-300x169.jpg\" alt=\"Ch 3 lits (x2)\" \/><\/figure><\/div><div class=\"swiper-slide\" role=\"group\" aria-roledescription=\"slide\" aria-label=\"7 sur 9\"><figure class=\"swiper-slide-inner\"><img decoding=\"async\" class=\"swiper-slide-image\" src=\"https:\/\/nouveausite.gite-villadou.com\/wp-content\/uploads\/2019\/05\/Sdb-300x225.jpg\" alt=\"Sdb\" \/><\/figure><\/div><div class=\"swiper-slide\" role=\"group\" aria-roledescription=\"slide\" aria-label=\"8 sur 9\"><figure class=\"swiper-slide-inner\"><img decoding=\"async\" class=\"swiper-slide-image\" src=\"https:\/\/nouveausite.gite-villadou.com\/wp-content\/uploads\/2019\/05\/P1150259-300x169.jpg\" alt=\"P1150259\" \/><\/figure><\/div><div class=\"swiper-slide\" role=\"group\" aria-roledescription=\"slide\" aria-label=\"9 sur 9\"><figure class=\"swiper-slide-inner\"><img decoding=\"async\" class=\"swiper-slide-image\" src=\"https:\/\/nouveausite.gite-villadou.com\/wp-content\/uploads\/2019\/05\/P1150262-300x169.jpg\" alt=\"P1150262\" \/><\/figure><\/div>\t\t\t<\/div>\n\t\t\t\t\t\t\t\n\t\t\t\t\t\t\t\t\t<div class=\"swiper-pagination\"><\/div>\n\t\t\t\t\t\t\t\t\t<\/div>\n\t\t\t\t<\/div>\n\t\t\t\t<\/div>\n\t\t\t\t<div class=\"elementor-element elementor-element-2b9f747 elementor-widget elementor-widget-pp-advanced-accordion\" data-id=\"2b9f747\" data-element_type=\"widget\" data-settings=\"{&quot;accordion_type&quot;:&quot;accordion&quot;,&quot;toggle_speed&quot;:300}\" data-widget_type=\"pp-advanced-accordion.default\">\n\t\t\t\t<div class=\"elementor-widget-container\">\n\t\t\t\t\t<div class=\"pp-advanced-accordion pp-toggle-icon-align-\" id=\"pp-advanced-accordion-2b9f747\" data-accordion-id=\"2b9f747\" role=\"tablist\">\n\t\t\t\t\t\t\t<div class=\"pp-accordion-item\">\n\t\t\t\t\t\t\t\t\t\t<div id=\"pp-accordion-tab-title-4571\" class=\"pp-accordion-tab-title\" tabindex=\"0\" data-tab=\"1\" role=\"tab\" aria-controls=\"pp-accordion-tab-content-4571\" aria-expanded=\"false\">\n\t\t\t\t\t\t<span class=\"pp-accordion-title-icon\">\n\t\t\t\t\t\t\t\t\t\t\t\t\t\t\t<span class=\"pp-accordion-tab-icon pp-icon\">\n\t\t\t\t\t\t\t\t\t<i aria-hidden=\"true\" class=\"fas fa-plus\"><\/i>\t\t\t\t\t\t\t\t<\/span>\n\t\t\t\t\t\t\t\t\t\t\t\t\t\t<span class=\"pp-accordion-title-text\">\n\t\t\t\t\t\t\t\tDescriptif\t\t\t\t\t\t\t<\/span>\n\t\t\t\t\t\t<\/span>\n\t\t\t\t\t\t\t\t\t\t\t<\/div>\n\n\t\t\t\t\t<div id=\"pp-accordion-tab-content-4571\" class=\"pp-accordion-tab-content\" data-tab=\"1\" role=\"tabpanel\" aria-labelledby=\"pp-accordion-tab-title-4571\">\n\t\t\t\t\t\t<ul>\n<li><b>S\u00e9jour (32 m\u00b2)<\/b><span>&nbsp;<\/span>:&nbsp;grande pi\u00e8ce commune avec une table ronde et six chaises, un canap\u00e9 convertible tr\u00e8s confortable, un coin t\u00e9l\u00e9, un buffet et un placard\/penderie pour le rangement<\/li>\n<li><b>Cuisine am\u00e9ricaine<\/b>&nbsp;:&nbsp;coin cuisine fonctionnel dans la salle de s\u00e9jour&nbsp;; \u00e9quipement complet (\u00e9vier, lave vaisselle, r\u00e9frig\u00e9rateur, four et plaque de cuisson au gaz, hotte, rangements et plan de travail, micro onde\u2026)<\/li>\n<li><b>B<\/b><span>uanderie<\/span>&nbsp;avec un lave linge et<span>&nbsp;<\/span><span>WC&nbsp;<\/span>ind\u00e9pendant<\/li>\n<\/ul>\n<p>Acc\u00e8s direct \u00e0 une terrasse de plain-pied et au jardin privatif (environ 500 m2), avec mobilier de jardin, local de rangement de mat\u00e9riel (skis, v\u00e9los \u2026)<\/p>\n<p><u><span>A L\u2019ETAGE&nbsp;:<\/span><\/u><\/p>\n<ul>\n<li><b>Chambre 1 (13m\u00b2)<span>&nbsp;<\/span><\/b>avec 2 lits simples (en 90) jumelables, rangements.<\/li>\n<li><b>Chambre 2 (14m\u00b2)<\/b><span>&nbsp;<\/span>avec 3 lits simples (en 90),&nbsp;rangements.<\/li>\n<li><b>Salle d\u2019eau&nbsp;<\/b>spacieuse avec lavabo, grande douche, et&nbsp;<span>WC<\/span><\/li>\n<\/ul>\t\t\t\t\t<\/div>\n\t\t\t\t<\/div>\n\t\t\t\t\t\t\t<div class=\"pp-accordion-item\">\n\t\t\t\t\t\t\t\t\t\t<div id=\"pp-accordion-tab-title-4572\" class=\"pp-accordion-tab-title\" tabindex=\"0\" data-tab=\"2\" role=\"tab\" aria-controls=\"pp-accordion-tab-content-4572\" aria-expanded=\"false\">\n\t\t\t\t\t\t<span class=\"pp-accordion-title-icon\">\n\t\t\t\t\t\t\t\t\t\t\t\t\t\t\t<span class=\"pp-accordion-tab-icon pp-icon\">\n\t\t\t\t\t\t\t\t\t<i aria-hidden=\"true\" class=\"fas fa-plus\"><\/i>\t\t\t\t\t\t\t\t<\/span>\n\t\t\t\t\t\t\t\t\t\t\t\t\t\t<span class=\"pp-accordion-title-text\">\n\t\t\t\t\t\t\t\tTarifs\t\t\t\t\t\t\t<\/span>\n\t\t\t\t\t\t<\/span>\n\t\t\t\t\t\t\t\t\t\t\t<\/div>\n\n\t\t\t\t\t<div id=\"pp-accordion-tab-content-4572\" class=\"pp-accordion-tab-content\" data-tab=\"2\" role=\"tabpanel\" aria-labelledby=\"pp-accordion-tab-title-4572\">\n\t\t\t\t\t\t<p><strong>SEMAINE (7 nuits)<\/strong>&nbsp; &nbsp; &nbsp; &nbsp; &nbsp; &nbsp; &nbsp;<strong>497\u20ac<\/strong><span>&nbsp;<\/span>Haute Saison (HS)&nbsp; \/&nbsp;<span>&nbsp;<\/span><strong>392\u20ac<\/strong><span>&nbsp;<\/span>Moyenne Saison (MS)&nbsp; \/&nbsp;<span>&nbsp;<\/span><strong>287\u20ac<\/strong><span>&nbsp;<\/span>Basse Saison<br><em>&nbsp; &nbsp; &nbsp; &nbsp; &nbsp; &nbsp; &nbsp; &nbsp; &nbsp; &nbsp; &nbsp; &nbsp; &nbsp; &nbsp; &nbsp; &nbsp; &nbsp; &nbsp; &nbsp; &nbsp; &nbsp; &nbsp; &nbsp;<span>&nbsp;<\/span><\/em><span><em>&nbsp;charges<\/em><\/span><span>&nbsp;<\/span>&nbsp; &nbsp; &nbsp; &nbsp; &nbsp; 24\u20ac sans chauffage&nbsp; \/&nbsp; 60\u20ac avec chauffage<br><strong>&nbsp; &nbsp; &nbsp; &nbsp; &nbsp; &nbsp; &nbsp; &nbsp; &nbsp; &nbsp; &nbsp; &nbsp; &nbsp; &nbsp; &nbsp; &nbsp; &nbsp; &nbsp; &nbsp; &nbsp; &nbsp; &nbsp; &nbsp; &nbsp;-10% \u00e0 partir de la 2\u00e8me semaine<\/strong><\/p>\n<p><strong>&nbsp; &nbsp; &nbsp; &nbsp; NUIT\u00c9E<\/strong>&nbsp; &nbsp; &nbsp; &nbsp; &nbsp; &nbsp; &nbsp; &nbsp; &nbsp; &nbsp; &nbsp; &nbsp;&nbsp;<strong>83\u20ac<\/strong><\/p>\n<p><strong>&nbsp; &nbsp; &nbsp; CURISTES<\/strong>&nbsp; &nbsp; &nbsp; &nbsp; &nbsp; &nbsp; &nbsp; &nbsp; &nbsp; &nbsp; &nbsp;<strong>222\u20ac<\/strong><span>&nbsp;<\/span>par semaine, avec un<span>&nbsp;<\/span><span>minimum de 2 semaines<\/span><span>&nbsp;<\/span>cons\u00e9cutives<\/p>\n<p><strong>&nbsp;D\u00e9p\u00f4t de garantie<\/strong>&nbsp; &nbsp; &nbsp; &nbsp; &nbsp; &nbsp; &nbsp;<strong>200\u20ac<\/strong><\/p>\n<p><strong>&nbsp; &nbsp;Taxe de s\u00e9jour<\/strong>&nbsp; &nbsp; &nbsp; &nbsp; &nbsp; &nbsp; &nbsp; &nbsp;&nbsp;<strong>1,66\u20ac<\/strong>\/nuit\/adulte (+ de 18 ans)<\/p>\n<p><em><strong>&nbsp; &nbsp; &nbsp; en option<\/strong>&nbsp; &nbsp; &nbsp; &nbsp; &nbsp; &nbsp; &nbsp; &nbsp; &nbsp; &nbsp; &nbsp;<\/em>forfait m\u00e9nage 53\u20ac<br>&nbsp; &nbsp; &nbsp; &nbsp; &nbsp; &nbsp; &nbsp; &nbsp; &nbsp; &nbsp; &nbsp; &nbsp; &nbsp; &nbsp; &nbsp; &nbsp; &nbsp; &nbsp; &nbsp; &nbsp; &nbsp; &nbsp; &nbsp;draps 18\u20ac\/lit<br>&nbsp; &nbsp; &nbsp; &nbsp; &nbsp; &nbsp; &nbsp; &nbsp; &nbsp; &nbsp; &nbsp; &nbsp; &nbsp; &nbsp; &nbsp; &nbsp; &nbsp; &nbsp; &nbsp; &nbsp; &nbsp; &nbsp; &nbsp;linge de toilette (2 serviettes, 1 gant) 16\u20ac<br>&nbsp; &nbsp; &nbsp; &nbsp; &nbsp; &nbsp; &nbsp; &nbsp; &nbsp; &nbsp; &nbsp; &nbsp; &nbsp; &nbsp; &nbsp; &nbsp; &nbsp; &nbsp; &nbsp; &nbsp; &nbsp; &nbsp; &nbsp;linge de maison (torchon, essuie-main) 5\u20ac<\/p>\t\t\t\t\t<\/div>\n\t\t\t\t<\/div>\n\t\t\t\t\t<\/div>\n\t\t\t\t<\/div>\n\t\t\t\t<\/div>\n\t\t\t\t\t<\/div>\n\t\t<\/div>\n\t\t\t\t\t<\/div>\n\t\t<\/section>\n\t\t\t\t<section class=\"elementor-section elementor-top-section elementor-element elementor-element-07dcafe elementor-section-boxed elementor-section-height-default elementor-section-height-default\" data-id=\"07dcafe\" data-element_type=\"section\">\n\t\t\t\t\t\t<div class=\"elementor-container elementor-column-gap-default\">\n\t\t\t\t\t<div class=\"elementor-column elementor-col-100 elementor-top-column elementor-element elementor-element-9823638\" data-id=\"9823638\" data-element_type=\"column\">\n\t\t\t<div class=\"elementor-widget-wrap elementor-element-populated\">\n\t\t\t\t\t\t<div class=\"elementor-element elementor-element-d253a89 elementor-widget elementor-widget-heading\" data-id=\"d253a89\" data-element_type=\"widget\" data-widget_type=\"heading.default\">\n\t\t\t\t<div class=\"elementor-widget-container\">\n\t\t\t<h2 class=\"elementor-heading-title elementor-size-medium\">Disponibilit\u00e9<\/h2>\t\t<\/div>\n\t\t\t\t<\/div>\n\t\t\t\t\t<\/div>\n\t\t<\/div>\n\t\t\t\t\t<\/div>\n\t\t<\/section>\n\t\t\t\t<section class=\"elementor-section elementor-top-section elementor-element elementor-element-ba9638e elementor-section-boxed elementor-section-height-default elementor-section-height-default\" data-id=\"ba9638e\" data-element_type=\"section\">\n\t\t\t\t\t\t<div class=\"elementor-container elementor-column-gap-default\">\n\t\t\t\t\t<div class=\"elementor-column elementor-col-100 elementor-top-column elementor-element elementor-element-9fb349f\" data-id=\"9fb349f\" data-element_type=\"column\">\n\t\t\t<div class=\"elementor-widget-wrap elementor-element-populated\">\n\t\t\t\t\t\t<div class=\"elementor-element elementor-element-a54edf0 elementor-widget elementor-widget-shortcode\" data-id=\"a54edf0\" data-element_type=\"widget\" data-widget_type=\"shortcode.default\">\n\t\t\t\t<div class=\"elementor-widget-container\">\n\t\t\t\t\t<div class=\"elementor-shortcode\"><iframe src=\"https:\/\/calendar.google.com\/calendar\/embed?height=600&amp;wkst=1&amp;bgcolor=%23ffffff&amp;ctz=Europe%2FParis&amp;showTitle=0&amp;showPrint=0&amp;showTabs=0&amp;showCalendars=0&amp;showTz=0&amp;src=ZDl0c2U5aWE4dHY0dWJzNGEzZXZuYWE0ajBAZ3JvdXAuY2FsZW5kYXIuZ29vZ2xlLmNvbQ&amp;color=%23EF6C00&amp;showDate=1\" style=\"border:solid 1px #777\" width=\"800\" height=\"600\" frameborder=\"0\" scrolling=\"no\"><\/iframe><\/div>\n\t\t\t\t<\/div>\n\t\t\t\t<\/div>\n\t\t\t\t\t<\/div>\n\t\t<\/div>\n\t\t\t\t\t<\/div>\n\t\t<\/section>\n\t\t\t\t<\/div>\n\t\t","protected":false},"excerpt":{"rendered":"<p>VILLADOU 5 g\u00eete 2 chambres, 5 places, 80m\u00b2, 2 \u00e9pis Descriptif S\u00e9jour (32 m\u00b2)&nbsp;:&nbsp;grande pi\u00e8ce commune avec une table ronde et six chaises, un canap\u00e9 convertible tr\u00e8s confortable, un coin t\u00e9l\u00e9, un buffet et un placard\/penderie pour le rangement Cuisine am\u00e9ricaine&nbsp;:&nbsp;coin cuisine fonctionnel dans la salle de s\u00e9jour&nbsp;; \u00e9quipement complet [&hellip;]<\/p>\n","protected":false},"author":1,"featured_media":0,"parent":0,"menu_order":1,"comment_status":"closed","ping_status":"closed","template":"elementor_header_footer","meta":{"footnotes":""},"class_list":["post-14","page","type-page","status-publish","hentry"],"_links":{"self":[{"href":"https:\/\/nouveausite.gite-villadou.com\/index.php\/wp-json\/wp\/v2\/pages\/14"}],"collection":[{"href":"https:\/\/nouveausite.gite-villadou.com\/index.php\/wp-json\/wp\/v2\/pages"}],"about":[{"href":"https:\/\/nouveausite.gite-villadou.com\/index.php\/wp-json\/wp\/v2\/types\/page"}],"author":[{"embeddable":true,"href":"https:\/\/nouveausite.gite-villadou.com\/index.php\/wp-json\/wp\/v2\/users\/1"}],"replies":[{"embeddable":true,"href":"https:\/\/nouveausite.gite-villadou.com\/index.php\/wp-json\/wp\/v2\/comments?post=14"}],"version-history":[{"count":71,"href":"https:\/\/nouveausite.gite-villadou.com\/index.php\/wp-json\/wp\/v2\/pages\/14\/revisions"}],"predecessor-version":[{"id":988,"href":"https:\/\/nouveausite.gite-villadou.com\/index.php\/wp-json\/wp\/v2\/pages\/14\/revisions\/988"}],"wp:attachment":[{"href":"https:\/\/nouveausite.gite-villadou.com\/index.php\/wp-json\/wp\/v2\/media?parent=14"}],"curies":[{"name":"wp","href":"https:\/\/api.w.org\/{rel}","templated":true}]}}