{"id":16,"date":"2019-04-21T17:15:27","date_gmt":"2019-04-21T15:15:27","guid":{"rendered":"http:\/\/nouveausite.gite-villadou.com\/?page_id=16"},"modified":"2024-08-20T10:54:08","modified_gmt":"2024-08-20T08:54:08","slug":"viscos","status":"publish","type":"page","link":"https:\/\/nouveausite.gite-villadou.com\/index.php\/page-d-exemple\/viscos\/","title":{"rendered":"Villadou 8, le g\u00eete 8 places"},"content":{"rendered":"\t\t<div data-elementor-type=\"wp-post\" data-elementor-id=\"16\" class=\"elementor elementor-16\">\n\t\t\t\t\t\t<section class=\"elementor-section elementor-top-section elementor-element elementor-element-2dee73e elementor-section-boxed elementor-section-height-default elementor-section-height-default\" data-id=\"2dee73e\" data-element_type=\"section\">\n\t\t\t\t\t\t<div class=\"elementor-container elementor-column-gap-default\">\n\t\t\t\t\t<div class=\"elementor-column elementor-col-66 elementor-top-column elementor-element elementor-element-7de2719\" data-id=\"7de2719\" data-element_type=\"column\">\n\t\t\t<div class=\"elementor-widget-wrap elementor-element-populated\">\n\t\t\t\t\t\t<div class=\"elementor-element elementor-element-6f6f01c elementor-drop-cap-yes elementor-drop-cap-view-default elementor-widget elementor-widget-text-editor\" data-id=\"6f6f01c\" data-element_type=\"widget\" data-settings=\"{&quot;drop_cap&quot;:&quot;yes&quot;}\" data-widget_type=\"text-editor.default\">\n\t\t\t\t<div class=\"elementor-widget-container\">\n\t\t\t\t\t\t\t<h1 style=\"text-align: center;\"><strong>VILLADOU 3<\/strong><\/h1><h2 style=\"text-align: center;\">g\u00eete 3 chambres, 8 places, 130 m\u00b2, 3 \u00e9pis<\/h2>\t\t\t\t\t\t<\/div>\n\t\t\t\t<\/div>\n\t\t\t\t\t<\/div>\n\t\t<\/div>\n\t\t\t\t<div class=\"elementor-column elementor-col-33 elementor-top-column elementor-element elementor-element-a207643\" data-id=\"a207643\" data-element_type=\"column\">\n\t\t\t<div class=\"elementor-widget-wrap elementor-element-populated\">\n\t\t\t\t\t\t<div class=\"elementor-element elementor-element-c4c0e4c elementor-widget elementor-widget-image\" data-id=\"c4c0e4c\" data-element_type=\"widget\" data-widget_type=\"image.default\">\n\t\t\t\t<div class=\"elementor-widget-container\">\n\t\t\t\t\t\t\t\t\t\t\t\t\t<img fetchpriority=\"high\" decoding=\"async\" width=\"319\" height=\"241\" src=\"https:\/\/nouveausite.gite-villadou.com\/wp-content\/uploads\/2023\/01\/LogoGite.png\" class=\"attachment-large size-large wp-image-932\" alt=\"\" srcset=\"https:\/\/nouveausite.gite-villadou.com\/wp-content\/uploads\/2023\/01\/LogoGite.png 319w, https:\/\/nouveausite.gite-villadou.com\/wp-content\/uploads\/2023\/01\/LogoGite-300x227.png 300w\" sizes=\"(max-width: 319px) 100vw, 319px\" \/>\t\t\t\t\t\t\t\t\t\t\t\t\t<\/div>\n\t\t\t\t<\/div>\n\t\t\t\t\t<\/div>\n\t\t<\/div>\n\t\t\t\t\t<\/div>\n\t\t<\/section>\n\t\t\t\t<section class=\"elementor-section elementor-top-section elementor-element elementor-element-ff666e8 elementor-section-boxed elementor-section-height-default elementor-section-height-default\" data-id=\"ff666e8\" data-element_type=\"section\">\n\t\t\t\t\t\t<div class=\"elementor-container elementor-column-gap-default\">\n\t\t\t\t\t<div class=\"elementor-column elementor-col-100 elementor-top-column elementor-element elementor-element-4a02966\" data-id=\"4a02966\" data-element_type=\"column\">\n\t\t\t<div class=\"elementor-widget-wrap elementor-element-populated\">\n\t\t\t\t\t\t<div class=\"elementor-element elementor-element-559e709 elementor-widget elementor-widget-image-carousel\" data-id=\"559e709\" data-element_type=\"widget\" data-settings=\"{&quot;navigation&quot;:&quot;none&quot;,&quot;autoplay&quot;:&quot;yes&quot;,&quot;pause_on_hover&quot;:&quot;yes&quot;,&quot;pause_on_interaction&quot;:&quot;yes&quot;,&quot;autoplay_speed&quot;:5000,&quot;infinite&quot;:&quot;yes&quot;,&quot;speed&quot;:500}\" data-widget_type=\"image-carousel.default\">\n\t\t\t\t<div class=\"elementor-widget-container\">\n\t\t\t\t\t<div class=\"elementor-image-carousel-wrapper swiper\" dir=\"ltr\">\n\t\t\t<div class=\"elementor-image-carousel swiper-wrapper\" aria-live=\"off\">\n\t\t\t\t\t\t\t\t<div class=\"swiper-slide\" role=\"group\" aria-roledescription=\"slide\" aria-label=\"1 sur 8\"><figure class=\"swiper-slide-inner\"><img decoding=\"async\" class=\"swiper-slide-image\" src=\"https:\/\/nouveausite.gite-villadou.com\/wp-content\/uploads\/2019\/04\/cropped-facade-300x192.jpg\" alt=\"cropped-facade.jpg\" \/><\/figure><\/div><div class=\"swiper-slide\" role=\"group\" aria-roledescription=\"slide\" aria-label=\"2 sur 8\"><figure class=\"swiper-slide-inner\"><img decoding=\"async\" class=\"swiper-slide-image\" src=\"https:\/\/nouveausite.gite-villadou.com\/wp-content\/uploads\/2019\/05\/Chambre-1-300x225.jpg\" alt=\"Chambre 1\" \/><\/figure><\/div><div class=\"swiper-slide\" role=\"group\" aria-roledescription=\"slide\" aria-label=\"3 sur 8\"><figure class=\"swiper-slide-inner\"><img decoding=\"async\" class=\"swiper-slide-image\" src=\"https:\/\/nouveausite.gite-villadou.com\/wp-content\/uploads\/2019\/05\/P1020909-300x225.jpg\" alt=\"P1020909\" \/><\/figure><\/div><div class=\"swiper-slide\" role=\"group\" aria-roledescription=\"slide\" aria-label=\"4 sur 8\"><figure class=\"swiper-slide-inner\"><img decoding=\"async\" class=\"swiper-slide-image\" src=\"https:\/\/nouveausite.gite-villadou.com\/wp-content\/uploads\/2019\/05\/IMG_5797-300x225.jpg\" alt=\"IMG_5797\" \/><\/figure><\/div><div class=\"swiper-slide\" role=\"group\" aria-roledescription=\"slide\" aria-label=\"5 sur 8\"><figure class=\"swiper-slide-inner\"><img decoding=\"async\" class=\"swiper-slide-image\" src=\"https:\/\/nouveausite.gite-villadou.com\/wp-content\/uploads\/2019\/05\/P1220600-300x225.jpg\" alt=\"P1220600\" \/><\/figure><\/div><div class=\"swiper-slide\" role=\"group\" aria-roledescription=\"slide\" aria-label=\"6 sur 8\"><figure class=\"swiper-slide-inner\"><img decoding=\"async\" class=\"swiper-slide-image\" src=\"https:\/\/nouveausite.gite-villadou.com\/wp-content\/uploads\/2019\/05\/IMG_5799-300x225.jpg\" alt=\"IMG_5799\" \/><\/figure><\/div><div class=\"swiper-slide\" role=\"group\" aria-roledescription=\"slide\" aria-label=\"7 sur 8\"><figure class=\"swiper-slide-inner\"><img decoding=\"async\" class=\"swiper-slide-image\" src=\"https:\/\/nouveausite.gite-villadou.com\/wp-content\/uploads\/2019\/05\/P1010729-300x225.jpg\" alt=\"P1010729\" \/><\/figure><\/div><div class=\"swiper-slide\" role=\"group\" aria-roledescription=\"slide\" aria-label=\"8 sur 8\"><figure class=\"swiper-slide-inner\"><img decoding=\"async\" class=\"swiper-slide-image\" src=\"https:\/\/nouveausite.gite-villadou.com\/wp-content\/uploads\/2019\/05\/S\u00e9jour-Viscos-300x225.jpg\" alt=\"S\u00e9jour Viscos\" \/><\/figure><\/div>\t\t\t<\/div>\n\t\t\t\t\t\t\t\n\t\t\t\t\t\t\t\t\t<\/div>\n\t\t\t\t<\/div>\n\t\t\t\t<\/div>\n\t\t\t\t<div class=\"elementor-element elementor-element-c265cf1 elementor-widget elementor-widget-pp-advanced-accordion\" data-id=\"c265cf1\" data-element_type=\"widget\" data-settings=\"{&quot;accordion_type&quot;:&quot;accordion&quot;,&quot;toggle_speed&quot;:300}\" data-widget_type=\"pp-advanced-accordion.default\">\n\t\t\t\t<div class=\"elementor-widget-container\">\n\t\t\t\t\t<div class=\"pp-advanced-accordion pp-toggle-icon-align-\" id=\"pp-advanced-accordion-c265cf1\" data-accordion-id=\"c265cf1\" role=\"tablist\">\n\t\t\t\t\t\t\t<div class=\"pp-accordion-item\">\n\t\t\t\t\t\t\t\t\t\t<div id=\"pp-accordion-tab-title-2031\" class=\"pp-accordion-tab-title\" tabindex=\"0\" data-tab=\"1\" role=\"tab\" aria-controls=\"pp-accordion-tab-content-2031\" aria-expanded=\"false\">\n\t\t\t\t\t\t<span class=\"pp-accordion-title-icon\">\n\t\t\t\t\t\t\t\t\t\t\t\t\t\t\t<span class=\"pp-accordion-tab-icon pp-icon\">\n\t\t\t\t\t\t\t\t\t<i aria-hidden=\"true\" class=\"fas fa-plus\"><\/i>\t\t\t\t\t\t\t\t<\/span>\n\t\t\t\t\t\t\t\t\t\t\t\t\t\t<span class=\"pp-accordion-title-text\">\n\t\t\t\t\t\t\t\tDescriptif\t\t\t\t\t\t\t<\/span>\n\t\t\t\t\t\t<\/span>\n\t\t\t\t\t\t\t\t\t\t\t<\/div>\n\n\t\t\t\t\t<div id=\"pp-accordion-tab-content-2031\" class=\"pp-accordion-tab-content\" data-tab=\"1\" role=\"tabpanel\" aria-labelledby=\"pp-accordion-tab-title-2031\">\n\t\t\t\t\t\t<p><u><b>AU RDC<\/b><\/u><\/p><ul><li><b>hall (8 m\u00b2)<\/b>\u00a0et<b>\u00a0WC<\/b>\u00a0ind\u00e9pendant<\/li><li><b>s\u00e9jour (36 m\u00b2)\u00a0<\/b>: grande salle avec table et chaises, 2 fauteuils, un canap\u00e9 3 places tr\u00e8s confortable, un coin chemin\u00e9e, un coin t\u00e9l\u00e9, un buffet, un rangement au dessus d\u2019un ancien \u00e9vier en pierre.<\/li><li><b>cuisine (20 m\u00b2)<\/b>\u00a0: communication directe avec le s\u00e9jour, \u00e9quipement complet (\u00e9vier, plaque de cuisson au gaz, hotte, lave linge, lave vaisselle, four, r\u00e9frig\u00e9rateur, micro-onde\u2026), grande table, chaises et buffet.\u00a0<\/li><li><b>terrasse<\/b>\u00a0plein sud et jardin privatif\u00a0 de 500 m\u00b2, avec mobilier de jardin, local de rangement de mat\u00e9riel (skis, v\u00e9los \u2026)<\/li><\/ul><p><u><b>AU PREMIER \u00c9TAGE<\/b><\/u><\/p><ul><li><b>chambre\u00a01 (14 m\u00b2)\u00a0<\/b>avec 2 lits simples (en 90) jumelables, tables de nuit, rangements<\/li><li><b>chambre\u00a0<\/b>2 (14 m\u00b2)\u00a0avec\u00a03 lits simples (en 90) dont 2 jumelables, tables de nuit, rangements<\/li><li><b>salle d\u2019eau<\/b>\u00a0spacieuse avec douche et lavabo<\/li><li><b>WC\u00a0<\/b>ind\u00e9pendant<\/li><\/ul><p><u><b>AU DEUXI\u00c8ME \u00c9TAGE<\/b><\/u><\/p><ul><li><b>chambre<\/b>\u00a0<b>3 (24 m\u00b2)<\/b>\u00a0 avec un lit double (en 140), un lit simple (en 90), tables de nuit, rangements<\/li><li><b>salle d\u2019eau<\/b>\u00a0spacieuse avec douche et lavabo<\/li><li><b>WC\u00a0<\/b>ind\u00e9pendant<\/li><\/ul>\t\t\t\t\t<\/div>\n\t\t\t\t<\/div>\n\t\t\t\t\t\t\t<div class=\"pp-accordion-item\">\n\t\t\t\t\t\t\t\t\t\t<div id=\"pp-accordion-tab-title-2032\" class=\"pp-accordion-tab-title\" tabindex=\"0\" data-tab=\"2\" role=\"tab\" aria-controls=\"pp-accordion-tab-content-2032\" aria-expanded=\"false\">\n\t\t\t\t\t\t<span class=\"pp-accordion-title-icon\">\n\t\t\t\t\t\t\t\t\t\t\t\t\t\t\t<span class=\"pp-accordion-tab-icon pp-icon\">\n\t\t\t\t\t\t\t\t\t<i aria-hidden=\"true\" class=\"fas fa-plus\"><\/i>\t\t\t\t\t\t\t\t<\/span>\n\t\t\t\t\t\t\t\t\t\t\t\t\t\t<span class=\"pp-accordion-title-text\">\n\t\t\t\t\t\t\t\tTarifs\t\t\t\t\t\t\t<\/span>\n\t\t\t\t\t\t<\/span>\n\t\t\t\t\t\t\t\t\t\t\t<\/div>\n\n\t\t\t\t\t<div id=\"pp-accordion-tab-content-2032\" class=\"pp-accordion-tab-content\" data-tab=\"2\" role=\"tabpanel\" aria-labelledby=\"pp-accordion-tab-title-2032\">\n\t\t\t\t\t\t<p><strong>SEMAINE (7 nuits)<\/strong>&nbsp;&nbsp; &nbsp; &nbsp; &nbsp; &nbsp;&nbsp;<strong>784\u20ac<\/strong>&nbsp;Haute Saison (HS)&nbsp; \/&nbsp;&nbsp;<strong>616\u20ac<\/strong>&nbsp;Moyenne Saison (MS)&nbsp; \/&nbsp;&nbsp;<strong>448\u20ac<\/strong>&nbsp;Basse Saison<br>&nbsp; &nbsp; &nbsp; &nbsp; &nbsp; &nbsp; &nbsp; &nbsp; &nbsp; &nbsp; &nbsp; &nbsp; &nbsp; &nbsp; &nbsp; &nbsp; &nbsp; &nbsp; &nbsp; &nbsp; &nbsp;<em>charges<\/em>&nbsp;&nbsp; &nbsp; &nbsp; &nbsp; &nbsp; 36\u20ac sans chauffage&nbsp; \/&nbsp; 90\u20ac avec chauffage<br>&nbsp; &nbsp; &nbsp; &nbsp; &nbsp; &nbsp; &nbsp; &nbsp; &nbsp; &nbsp; &nbsp; &nbsp; &nbsp; &nbsp; &nbsp; &nbsp; &nbsp; &nbsp; &nbsp; &nbsp; &nbsp;<strong>-10% \u00e0 partir de la 2\u00e8me semaine<\/strong><\/p>\n<p>&nbsp; &nbsp; &nbsp; &nbsp; &nbsp;&nbsp;<strong>NUIT\u00c9E<\/strong>&nbsp; &nbsp; &nbsp; &nbsp; &nbsp; &nbsp; &nbsp; &nbsp; &nbsp; &nbsp;<strong>131\u20ac<\/strong><\/p>\n<p><strong>D\u00e9p\u00f4t de garantie<\/strong>&nbsp; &nbsp; &nbsp; &nbsp; &nbsp; &nbsp;&nbsp;<strong>300\u20ac<\/strong><\/p>\n<p>&nbsp; &nbsp;<strong>Taxe de s\u00e9jour<\/strong>&nbsp; &nbsp; &nbsp; &nbsp; &nbsp; &nbsp; &nbsp;&nbsp;<strong>1,66\u20ac<\/strong>\/nuit\/adulte (&gt;18 ans)<\/p>\n<p><em><strong>&nbsp; &nbsp; &nbsp; en option<\/strong><\/em>&nbsp; &nbsp; &nbsp; &nbsp; &nbsp; &nbsp; &nbsp; &nbsp; &nbsp; &nbsp; forfait m\u00e9nage 64\u20ac<em><br><\/em>&nbsp; &nbsp; &nbsp; &nbsp; &nbsp; &nbsp; &nbsp; &nbsp; &nbsp; &nbsp; &nbsp; &nbsp; &nbsp; &nbsp; &nbsp; &nbsp; &nbsp; &nbsp; &nbsp; &nbsp; &nbsp;draps 18\u20ac\/lit<br>&nbsp; &nbsp; &nbsp; &nbsp; &nbsp; &nbsp; &nbsp; &nbsp; &nbsp; &nbsp; &nbsp; &nbsp; &nbsp; &nbsp; &nbsp; &nbsp; &nbsp; &nbsp; &nbsp; &nbsp; &nbsp;linge de toilette (2 serviettes 1 gant) 16\u20ac<br>&nbsp; &nbsp; &nbsp; &nbsp; &nbsp; &nbsp; &nbsp; &nbsp; &nbsp; &nbsp; &nbsp; &nbsp; &nbsp; &nbsp; &nbsp; &nbsp; &nbsp; &nbsp; &nbsp; &nbsp; &nbsp;linge de maison (torchon essuie main) 5\u20ac<\/p>\t\t\t\t\t<\/div>\n\t\t\t\t<\/div>\n\t\t\t\t\t<\/div>\n\t\t\t\t<\/div>\n\t\t\t\t<\/div>\n\t\t\t\t\t<\/div>\n\t\t<\/div>\n\t\t\t\t\t<\/div>\n\t\t<\/section>\n\t\t\t\t<section class=\"elementor-section elementor-top-section elementor-element elementor-element-1ae7957 elementor-section-boxed elementor-section-height-default elementor-section-height-default\" data-id=\"1ae7957\" data-element_type=\"section\">\n\t\t\t\t\t\t<div class=\"elementor-container elementor-column-gap-default\">\n\t\t\t\t\t<div class=\"elementor-column elementor-col-100 elementor-top-column elementor-element elementor-element-9d7b267\" data-id=\"9d7b267\" data-element_type=\"column\">\n\t\t\t<div class=\"elementor-widget-wrap elementor-element-populated\">\n\t\t\t\t\t\t<div class=\"elementor-element elementor-element-0d6fc11 elementor-widget elementor-widget-heading\" data-id=\"0d6fc11\" data-element_type=\"widget\" data-widget_type=\"heading.default\">\n\t\t\t\t<div class=\"elementor-widget-container\">\n\t\t\t<h2 class=\"elementor-heading-title elementor-size-medium\">Disponibilit\u00e9<\/h2>\t\t<\/div>\n\t\t\t\t<\/div>\n\t\t\t\t\t<\/div>\n\t\t<\/div>\n\t\t\t\t\t<\/div>\n\t\t<\/section>\n\t\t\t\t<section class=\"elementor-section elementor-top-section elementor-element elementor-element-e8a5c2f elementor-section-boxed elementor-section-height-default elementor-section-height-default\" data-id=\"e8a5c2f\" data-element_type=\"section\">\n\t\t\t\t\t\t<div class=\"elementor-container elementor-column-gap-default\">\n\t\t\t\t\t<div class=\"elementor-column elementor-col-100 elementor-top-column elementor-element elementor-element-14865be\" data-id=\"14865be\" data-element_type=\"column\">\n\t\t\t<div class=\"elementor-widget-wrap elementor-element-populated\">\n\t\t\t\t\t\t<div class=\"elementor-element elementor-element-8c901be elementor-widget elementor-widget-shortcode\" data-id=\"8c901be\" data-element_type=\"widget\" data-widget_type=\"shortcode.default\">\n\t\t\t\t<div class=\"elementor-widget-container\">\n\t\t\t\t\t<div class=\"elementor-shortcode\"><iframe src=\"https:\/\/calendar.google.com\/calendar\/embed?height=600&amp;wkst=1&amp;bgcolor=%23ffffff&amp;ctz=Europe%2FParis&amp;showTitle=0&amp;showPrint=0&amp;showTabs=0&amp;showCalendars=0&amp;showTz=0&amp;src=OG9vbnZhZWwzOXRybWF0NjNrZzM1Mzg5bDBAZ3JvdXAuY2FsZW5kYXIuZ29vZ2xlLmNvbQ&amp;color=%230B8043&amp;showDate=1\" style=\"border:solid 1px #777\" width=\"800\" height=\"600\" frameborder=\"0\" scrolling=\"no\"><\/iframe><\/div>\n\t\t\t\t<\/div>\n\t\t\t\t<\/div>\n\t\t\t\t\t<\/div>\n\t\t<\/div>\n\t\t\t\t\t<\/div>\n\t\t<\/section>\n\t\t\t\t<\/div>\n\t\t","protected":false},"excerpt":{"rendered":"<p>VILLADOU 3 g\u00eete 3 chambres, 8 places, 130 m\u00b2, 3 \u00e9pis Descriptif AU RDC hall (8 m\u00b2)\u00a0et\u00a0WC\u00a0ind\u00e9pendant s\u00e9jour (36 m\u00b2)\u00a0: grande salle avec table et chaises, 2 fauteuils, un canap\u00e9 3 places tr\u00e8s confortable, un coin chemin\u00e9e, un coin t\u00e9l\u00e9, un buffet, un rangement au dessus d\u2019un ancien \u00e9vier en [&hellip;]<\/p>\n","protected":false},"author":1,"featured_media":0,"parent":2,"menu_order":2,"comment_status":"closed","ping_status":"closed","template":"elementor_header_footer","meta":{"footnotes":""},"class_list":["post-16","page","type-page","status-publish","hentry"],"_links":{"self":[{"href":"https:\/\/nouveausite.gite-villadou.com\/index.php\/wp-json\/wp\/v2\/pages\/16"}],"collection":[{"href":"https:\/\/nouveausite.gite-villadou.com\/index.php\/wp-json\/wp\/v2\/pages"}],"about":[{"href":"https:\/\/nouveausite.gite-villadou.com\/index.php\/wp-json\/wp\/v2\/types\/page"}],"author":[{"embeddable":true,"href":"https:\/\/nouveausite.gite-villadou.com\/index.php\/wp-json\/wp\/v2\/users\/1"}],"replies":[{"embeddable":true,"href":"https:\/\/nouveausite.gite-villadou.com\/index.php\/wp-json\/wp\/v2\/comments?post=16"}],"version-history":[{"count":54,"href":"https:\/\/nouveausite.gite-villadou.com\/index.php\/wp-json\/wp\/v2\/pages\/16\/revisions"}],"predecessor-version":[{"id":985,"href":"https:\/\/nouveausite.gite-villadou.com\/index.php\/wp-json\/wp\/v2\/pages\/16\/revisions\/985"}],"up":[{"embeddable":true,"href":"https:\/\/nouveausite.gite-villadou.com\/index.php\/wp-json\/wp\/v2\/pages\/2"}],"wp:attachment":[{"href":"https:\/\/nouveausite.gite-villadou.com\/index.php\/wp-json\/wp\/v2\/media?parent=16"}],"curies":[{"name":"wp","href":"https:\/\/api.w.org\/{rel}","templated":true}]}}