{"id":22,"date":"2019-04-21T17:16:41","date_gmt":"2019-04-21T15:16:41","guid":{"rendered":"http:\/\/nouveausite.gite-villadou.com\/?page_id=22"},"modified":"2021-10-31T18:44:59","modified_gmt":"2021-10-31T17:44:59","slug":"contact-reservation","status":"publish","type":"page","link":"https:\/\/nouveausite.gite-villadou.com\/index.php\/contact-reservation\/","title":{"rendered":"contact \/ r\u00e9servation"},"content":{"rendered":"\t\t<div data-elementor-type=\"wp-post\" data-elementor-id=\"22\" class=\"elementor elementor-22\">\n\t\t\t\t\t\t<section class=\"elementor-section elementor-top-section elementor-element elementor-element-6f0cfc2 elementor-section-full_width elementor-section-height-default elementor-section-height-default\" data-id=\"6f0cfc2\" data-element_type=\"section\" data-settings=\"{&quot;background_background&quot;:&quot;classic&quot;}\">\n\t\t\t\t\t\t\t<div class=\"elementor-background-overlay\"><\/div>\n\t\t\t\t\t\t\t<div class=\"elementor-container elementor-column-gap-default\">\n\t\t\t\t\t<div class=\"elementor-column elementor-col-16 elementor-top-column elementor-element elementor-element-31794b6\" data-id=\"31794b6\" data-element_type=\"column\">\n\t\t\t<div class=\"elementor-widget-wrap elementor-element-populated\">\n\t\t\t\t\t\t<div class=\"elementor-element elementor-element-6f88ffc elementor-widget elementor-widget-text-editor\" data-id=\"6f88ffc\" data-element_type=\"widget\" data-widget_type=\"text-editor.default\">\n\t\t\t\t<div class=\"elementor-widget-container\">\n\t\t\t\t\t\t\t<p><span style=\"text-decoration: underline;\">Par t\u00e9l\u00e9phone :<\/span><\/p><p>Beno\u00eet H\u00e9madou<\/p><p>06 89 01 05 09<\/p>\t\t\t\t\t\t<\/div>\n\t\t\t\t<\/div>\n\t\t\t\t\t<\/div>\n\t\t<\/div>\n\t\t\t\t<div class=\"elementor-column elementor-col-66 elementor-top-column elementor-element elementor-element-10b02c6\" data-id=\"10b02c6\" data-element_type=\"column\">\n\t\t\t<div class=\"elementor-widget-wrap elementor-element-populated\">\n\t\t\t\t\t\t<div class=\"elementor-element elementor-element-b012536 pp-contact-form-7-button-custom elementor-widget elementor-widget-pp-contact-form-7\" data-id=\"b012536\" data-element_type=\"widget\" data-widget_type=\"pp-contact-form-7.default\">\n\t\t\t\t<div class=\"elementor-widget-container\">\n\t\t\t\t\t\t\t<div class=\"pp-contact-form pp-contact-form-7 placeholder-show\">\n\t\t\t\t\t\t\t\t\t\t\n<div class=\"wpcf7 no-js\" id=\"wpcf7-f551-o1\" lang=\"fr-FR\" dir=\"ltr\">\n<div class=\"screen-reader-response\"><p role=\"status\" aria-live=\"polite\" aria-atomic=\"true\"><\/p> <ul><\/ul><\/div>\n<form action=\"\/index.php\/wp-json\/wp\/v2\/pages\/22#wpcf7-f551-o1\" method=\"post\" class=\"wpcf7-form init\" aria-label=\"Formulaire de contact\" novalidate=\"novalidate\" data-status=\"init\">\n<div style=\"display: none;\">\n<input type=\"hidden\" name=\"_wpcf7\" value=\"551\" \/>\n<input type=\"hidden\" name=\"_wpcf7_version\" value=\"5.9.8\" \/>\n<input type=\"hidden\" name=\"_wpcf7_locale\" value=\"fr_FR\" \/>\n<input type=\"hidden\" name=\"_wpcf7_unit_tag\" value=\"wpcf7-f551-o1\" \/>\n<input type=\"hidden\" name=\"_wpcf7_container_post\" value=\"0\" \/>\n<input type=\"hidden\" name=\"_wpcf7_posted_data_hash\" value=\"\" \/>\n<\/div>\n<div class=\"container\">\n\t<div class=\"row\">\n\t\t<div class=\"columns one-half\">\n\t\t\t<div class=\"container\">\n\t\t\t\t<div class=\"row\">\n\t\t\t\t\t<div class=\"columns eleven\">\n\t\t\t\t\t\t<div class=\"field\">\n\t\t\t\t\t\t\t<p><label>Nom<em>*<\/em><\/label><span class=\"wpcf7-form-control-wrap\" data-name=\"your-name\"><input size=\"40\" maxlength=\"400\" class=\"wpcf7-form-control wpcf7-text wpcf7-validates-as-required\" aria-required=\"true\" aria-invalid=\"false\" value=\"\" type=\"text\" name=\"your-name\" \/><\/span>\n\t\t\t\t\t\t\t<\/p>\n\t\t\t\t\t\t\t<p class=\"info-tip\">\n\t\t\t\t\t\t\t<\/p>\n\t\t\t\t\t\t<\/div>\n\t\t\t\t\t<\/div>\n\t\t\t\t<\/div>\n\t\t\t<\/div>\n\t\t\t<div class=\"columns one-half\">\n\t\t\t\t<div class=\"container\" style=\"display: block\">\n\t\t\t\t\t<div class=\"row\">\n\t\t\t\t\t\t<div class=\"columns eleven\" style=\"display: block\">\n\t\t\t\t\t\t\t<div class=\"field\">\n\t\t\t\t\t\t\t\t<p><label>Pr\u00e9nom<em>*<\/em><\/label><span class=\"wpcf7-form-control-wrap\" data-name=\"prenom\"><input size=\"40\" maxlength=\"400\" class=\"wpcf7-form-control wpcf7-text wpcf7-validates-as-required\" aria-required=\"true\" aria-invalid=\"false\" value=\"\" type=\"text\" name=\"prenom\" \/><\/span>\n\t\t\t\t\t\t\t\t<\/p>\n\t\t\t\t\t\t\t\t<p class=\"info-tip\">\n\t\t\t\t\t\t\t\t<\/p>\n\t\t\t\t\t\t\t<\/div>\n\t\t\t\t\t\t<\/div>\n\t\t\t\t\t<\/div>\n\t\t\t\t<\/div>\n\t\t\t\t<div class=\"container\">\n\t\t\t\t\t<div class=\"row\">\n\t\t\t\t\t\t<div class=\"columns eleven\" style=\"display: block\">\n\t\t\t\t\t\t\t<div class=\"field\">\n\t\t\t\t\t\t\t\t<p><label>T\u00e9l\u00e9phone<em>*<\/em><\/label><span class=\"wpcf7-form-control-wrap\" data-name=\"Telephone\"><input size=\"40\" maxlength=\"400\" class=\"wpcf7-form-control wpcf7-tel wpcf7-validates-as-required wpcf7-text wpcf7-validates-as-tel\" aria-required=\"true\" aria-invalid=\"false\" value=\"\" type=\"tel\" name=\"Telephone\" \/><\/span>\n\t\t\t\t\t\t\t\t<\/p>\n\t\t\t\t\t\t\t\t<p class=\"info-tip\">\n\t\t\t\t\t\t\t\t<\/p>\n\t\t\t\t\t\t\t<\/div>\n\t\t\t\t\t\t<\/div>\n\t\t\t\t\t<\/div>\n\t\t\t\t<\/div>\n\t\t\t\t<div class=\"container\">\n\t\t\t\t\t<div class=\"row\">\n\t\t\t\t\t\t<div class=\"columns eleven\">\n\t\t\t\t\t\t\t<div class=\"field\">\n\t\t\t\t\t\t\t\t<p><label>Couriel<em>*<\/em><\/label><span class=\"wpcf7-form-control-wrap\" data-name=\"your-email\"><input size=\"40\" maxlength=\"400\" class=\"wpcf7-form-control wpcf7-email wpcf7-validates-as-required wpcf7-text wpcf7-validates-as-email\" aria-required=\"true\" aria-invalid=\"false\" value=\"\" type=\"email\" name=\"your-email\" \/><\/span>\n\t\t\t\t\t\t\t\t<\/p>\n\t\t\t\t\t\t\t\t<p class=\"info-tip\">\n\t\t\t\t\t\t\t\t<\/p>\n\t\t\t\t\t\t\t<\/div>\n\t\t\t\t\t\t<\/div>\n\t\t\t\t\t<\/div>\n\t\t\t\t<\/div>\n\t\t\t\t<div class=\"container\">\n\t\t\t\t\t<div class=\"row\">\n\t\t\t\t\t\t<div class=\"columns eleven\">\n\t\t\t\t\t\t\t<div class=\"field\">\n\t\t\t\t\t\t\t\t<p><label>Date d'arriv\u00e9e<em>*<\/em><\/label><span class=\"wpcf7-form-control-wrap\" data-name=\"datedebut\"><input class=\"wpcf7-form-control wpcf7-date wpcf7-validates-as-required wpcf7-validates-as-date\" aria-required=\"true\" aria-invalid=\"false\" value=\"\" type=\"date\" name=\"datedebut\" \/><\/span>\n\t\t\t\t\t\t\t\t<\/p>\n\t\t\t\t\t\t\t\t<p class=\"info-tip\">\n\t\t\t\t\t\t\t\t<\/p>\n\t\t\t\t\t\t\t<\/div>\n\t\t\t\t\t\t<\/div>\n\t\t\t\t\t<\/div>\n\t\t\t\t<\/div>\n\t\t\t\t<div class=\"container\">\n\t\t\t\t\t<div class=\"row\">\n\t\t\t\t\t\t<div class=\"columns eleven\">\n\t\t\t\t\t\t\t<div class=\"field\">\n\t\t\t\t\t\t\t\t<p><label>G\u00eete<\/label><span class=\"wpcf7-form-control-wrap\" data-name=\"Gite\"><span class=\"wpcf7-form-control wpcf7-radio\"><span class=\"wpcf7-list-item first\"><span class=\"wpcf7-list-item-label\">G\u00eete 5p<\/span><input type=\"radio\" name=\"Gite\" value=\"G\u00eete 5p\" checked=\"checked\" \/><\/span><span class=\"wpcf7-list-item\"><span class=\"wpcf7-list-item-label\">G\u00eete 8p<\/span><input type=\"radio\" name=\"Gite\" value=\"G\u00eete 8p\" \/><\/span><span class=\"wpcf7-list-item last\"><span class=\"wpcf7-list-item-label\">G\u00eete 15p<\/span><input type=\"radio\" name=\"Gite\" value=\"G\u00eete 15p\" \/><\/span><\/span><\/span>\n\t\t\t\t\t\t\t\t<\/p>\n\t\t\t\t\t\t\t\t<p class=\"info-tip\">\n\t\t\t\t\t\t\t\t<\/p>\n\t\t\t\t\t\t\t<\/div>\n\t\t\t\t\t\t<\/div>\n\t\t\t\t\t<\/div>\n\t\t\t\t<\/div>\n\t\t\t\t<div class=\"container\">\n\t\t\t\t\t<div class=\"row\">\n\t\t\t\t\t\t<div class=\"columns eleven\">\n\t\t\t\t\t\t\t<div class=\"field\">\n\t\t\t\t\t\t\t\t<p><label>Nombre d'adultes<em>*<\/em><\/label><span class=\"wpcf7-form-control-wrap\" data-name=\"nbadultes\"><input class=\"wpcf7-form-control wpcf7-number wpcf7-validates-as-required wpcf7-validates-as-number\" min=\"1\" max=\"15\" aria-required=\"true\" aria-invalid=\"false\" value=\"\" type=\"number\" name=\"nbadultes\" \/><\/span>\n\t\t\t\t\t\t\t\t<\/p>\n\t\t\t\t\t\t\t\t<p class=\"info-tip\">personne de + 18 ans\n\t\t\t\t\t\t\t\t<\/p>\n\t\t\t\t\t\t\t<\/div>\n\t\t\t\t\t\t<\/div>\n\t\t\t\t\t<\/div>\n\t\t\t\t<\/div>\n\t\t\t<\/div>\n\t\t\t<div class=\"container\">\n\t\t\t\t<div class=\"row\">\n\t\t\t\t\t<div class=\"columns eleven\" style=\"display: block\">\n\t\t\t\t\t\t<div class=\"field\">\n\t\t\t\t\t\t\t<p><label>Date de d\u00e9part<em>*<\/em><\/label><span class=\"wpcf7-form-control-wrap\" data-name=\"datefin\"><input class=\"wpcf7-form-control wpcf7-date wpcf7-validates-as-required wpcf7-validates-as-date\" aria-required=\"true\" aria-invalid=\"false\" value=\"\" type=\"date\" name=\"datefin\" \/><\/span>\n\t\t\t\t\t\t\t<\/p>\n\t\t\t\t\t\t\t<p class=\"info-tip\">\n\t\t\t\t\t\t\t<\/p>\n\t\t\t\t\t\t<\/div>\n\t\t\t\t\t<\/div>\n\t\t\t\t<\/div>\n\t\t\t<\/div>\n\t\t\t<div class=\"container\" style=\"display: block\">\n\t\t\t\t<div class=\"row\">\n\t\t\t\t\t<div class=\"columns eleven\" style=\"display: block\">\n\t\t\t\t\t\t<div class=\"field\">\n\t\t\t\t\t\t\t<p><label>Options<\/label><span class=\"wpcf7-form-control-wrap\" data-name=\"options\"><span class=\"wpcf7-form-control wpcf7-checkbox\"><span class=\"wpcf7-list-item first\"><span class=\"wpcf7-list-item-label\">M\u00e9nage<\/span><input type=\"checkbox\" name=\"options[]\" value=\"M\u00e9nage\" \/><\/span><span class=\"wpcf7-list-item\"><span class=\"wpcf7-list-item-label\">Draps<\/span><input type=\"checkbox\" name=\"options[]\" value=\"Draps\" \/><\/span><span class=\"wpcf7-list-item last\"><span class=\"wpcf7-list-item-label\">Linge de toilette<\/span><input type=\"checkbox\" name=\"options[]\" value=\"Linge de toilette\" \/><\/span><\/span><\/span>\n\t\t\t\t\t\t\t<\/p>\n\t\t\t\t\t\t\t<p class=\"info-tip\">\n\t\t\t\t\t\t\t<\/p>\n\t\t\t\t\t\t<\/div>\n\t\t\t\t\t<\/div>\n\t\t\t\t<\/div>\n\t\t\t<\/div>\n\t\t\t<div class=\"container\">\n\t\t\t\t<div class=\"row\">\n\t\t\t\t\t<div class=\"columns eleven\">\n\t\t\t\t\t\t<div class=\"field\">\n\t\t\t\t\t\t\t<p><label>Nombre d'enfants<em>*<\/em><\/label><span class=\"wpcf7-form-control-wrap\" data-name=\"nbenfants\"><input class=\"wpcf7-form-control wpcf7-number wpcf7-validates-as-required wpcf7-validates-as-number\" min=\"0\" max=\"12\" aria-required=\"true\" aria-invalid=\"false\" value=\"\" type=\"number\" name=\"nbenfants\" \/><\/span>\n\t\t\t\t\t\t\t<\/p>\n\t\t\t\t\t\t\t<p class=\"info-tip\">\n\t\t\t\t\t\t\t<\/p>\n\t\t\t\t\t\t<\/div>\n\t\t\t\t\t<\/div>\n\t\t\t\t<\/div>\n\t\t\t<\/div>\n\t\t<\/div>\n\t<\/div>\n<\/div>\n<div class=\"container\">\n\t<div class=\"row\">\n\t\t<div class=\"columns full\">\n\t\t\t<div class=\"field\">\n\t\t\t\t<p><label>Une pr\u00e9cision, une question, \u00e9crivez-nous ci-dessous<\/label><span class=\"wpcf7-form-control-wrap\" data-name=\"message\"><textarea cols=\"40\" rows=\"5\" maxlength=\"2000\" class=\"wpcf7-form-control wpcf7-textarea\" aria-invalid=\"false\" name=\"message\"><\/textarea><\/span>\n\t\t\t\t<\/p>\n\t\t\t\t<p class=\"info-tip\">\n\t\t\t\t<\/p>\n\t\t\t<\/div>\n\t\t<\/div>\n\t<\/div>\n<\/div>\n<div class=\"container\">\n\t<div class=\"row\">\n\t\t<div class=\"columns full\" style=\"display: block\">\n\t\t\t<div class=\"field\">\n\t\t\t\t<p><label><\/label><input class=\"wpcf7-form-control wpcf7-submit has-spinner\" type=\"submit\" value=\"Envoi\" \/>\n\t\t\t\t<\/p>\n\t\t\t\t<p class=\"info-tip\">\n\t\t\t\t<\/p>\n\t\t\t<\/div>\n\t\t<\/div>\n\t<\/div>\n<\/div><div class=\"wpcf7-response-output\" aria-hidden=\"true\"><\/div>\n<\/form>\n<\/div>\n\t\t\t\t<\/div>\n\t\t\t\t\t\t<\/div>\n\t\t\t\t<\/div>\n\t\t\t\t\t<\/div>\n\t\t<\/div>\n\t\t\t\t<div class=\"elementor-column elementor-col-16 elementor-top-column elementor-element elementor-element-6fb3969\" data-id=\"6fb3969\" data-element_type=\"column\">\n\t\t\t<div class=\"elementor-widget-wrap\">\n\t\t\t\t\t\t\t<\/div>\n\t\t<\/div>\n\t\t\t\t\t<\/div>\n\t\t<\/section>\n\t\t\t\t<\/div>\n\t\t","protected":false},"excerpt":{"rendered":"<p>Par t\u00e9l\u00e9phone : Beno\u00eet H\u00e9madou 06 89 01 05 09 Nom* Couriel* Date d&rsquo;arriv\u00e9e* G\u00eeteG\u00eete 5pG\u00eete 8pG\u00eete 15p Nombre d&rsquo;adultes* personne de + 18 ans Pr\u00e9nom* T\u00e9l\u00e9phone* Date de d\u00e9part* OptionsM\u00e9nageDrapsLinge de toilette Nombre d&rsquo;enfants* Une pr\u00e9cision, une question, \u00e9crivez-nous ci-dessous<\/p>\n","protected":false},"author":1,"featured_media":0,"parent":0,"menu_order":0,"comment_status":"closed","ping_status":"closed","template":"elementor_header_footer","meta":{"footnotes":""},"class_list":["post-22","page","type-page","status-publish","hentry"],"_links":{"self":[{"href":"https:\/\/nouveausite.gite-villadou.com\/index.php\/wp-json\/wp\/v2\/pages\/22"}],"collection":[{"href":"https:\/\/nouveausite.gite-villadou.com\/index.php\/wp-json\/wp\/v2\/pages"}],"about":[{"href":"https:\/\/nouveausite.gite-villadou.com\/index.php\/wp-json\/wp\/v2\/types\/page"}],"author":[{"embeddable":true,"href":"https:\/\/nouveausite.gite-villadou.com\/index.php\/wp-json\/wp\/v2\/users\/1"}],"replies":[{"embeddable":true,"href":"https:\/\/nouveausite.gite-villadou.com\/index.php\/wp-json\/wp\/v2\/comments?post=22"}],"version-history":[{"count":57,"href":"https:\/\/nouveausite.gite-villadou.com\/index.php\/wp-json\/wp\/v2\/pages\/22\/revisions"}],"predecessor-version":[{"id":896,"href":"https:\/\/nouveausite.gite-villadou.com\/index.php\/wp-json\/wp\/v2\/pages\/22\/revisions\/896"}],"wp:attachment":[{"href":"https:\/\/nouveausite.gite-villadou.com\/index.php\/wp-json\/wp\/v2\/media?parent=22"}],"curies":[{"name":"wp","href":"https:\/\/api.w.org\/{rel}","templated":true}]}}